{"id":84,"date":"2018-09-21T12:56:43","date_gmt":"2018-09-21T12:56:43","guid":{"rendered":"http:\/\/superrijkindelagelanden.nl\/?page_id=84"},"modified":"2018-11-01T15:41:34","modified_gmt":"2018-11-01T13:41:34","slug":"samenvatting","status":"publish","type":"page","link":"https:\/\/www.elite-research.org\/superrijkindelagelanden\/samenvatting\/","title":{"rendered":"SAMENVATTING"},"content":{"rendered":"\n<p><em><strong>Woord vooraf De karavaan trekt verder<\/strong>&nbsp;<\/em><\/p>\n\n\n\n<p>In de loop der eeuwen zijn de omgeving waarin rijkdom tot stand kwam en de middelen waarmee dit gebeurde aan voortdurende verandering onderhevig geweest. Steeds verschenen andere mensen op het toneel. Maar de mechanismen waarmee (super)rijkdom tot stand komt, wordt doorgegeven en verloren gaat, zijn niet zo veel veranderd. Zoals het spreekwoord zegt: \u2018de honden blaffen maar de karavaan trekt verder\u2019.<\/p>\n\n\n\n<p><strong><em>Inleiding Hoe word je superrijk?&nbsp;<\/em><\/strong><\/p>\n\n\n\n<p>Heb het toeval aan je zijde, kom ter wereld in een superrijke of minstens welgestelde familie, trouw met een rijke partner en speel handig in op de mogelijkheden. Een paar psychopathische trekjes helpen ook.<\/p>\n\n\n\n<p><strong><em>Hoofdstuk 1 De natuur als bron van rijkdom&nbsp;<\/em><\/strong><\/p>\n\n\n\n<p>Het heeft lang geduurd voordat de Nederlanden hun grote natuurlijke bronnen, rivierdelta, energie en ertsen konden inzetten voor het vergaren van rijkdom. Topambtenaar Willem \u2018Snikkerieme\u2019 van Duvenvoirde werd in de late middeleeuwen schatrijk met turfwinning. Ook de koloniale grondstoffen hebben de rijksten geen windeieren gelegd. En als grootschalige exploitatie van de natuur nadelen heeft \u2013 en dat is meestal het geval \u2013, weten de superrijken ook aan de tijdelijke oplossing daarvan steeds weer schatten te verdienen.<\/p>\n\n\n\n<p><em><strong>Hoofdstuk 2 Rijk worden aan bevolkingsgroei en verstedelijking&nbsp;<\/strong><\/em><\/p>\n\n\n\n<p>Tot het eind van de middeleeuwen waren de Nederlanden leeg en onderontwikkeld. Toen de steden tot bloei kwamen, profiteerden de rijksten het meest van het aanbod aan arbeidskrachten, de lage lonen en de groeiende consumentenmarkt. Later bood de explosieve groei van de industri\u00eble productie een nieuw vliegwiel voor bevolkingstoename en rijkdom. En het overschot aan jongeren kon worden ingezet om grote delen van de wereld te koloniseren.<\/p>\n\n\n\n<p><strong><em>Hoofdstuk 3 Immigranten als brengers van rijkdom<\/em><\/strong><\/p>\n\n\n\n<p>Immigranten en vluchtelingen hebben de Nederlanden en zichzelf veel rijkdom gebracht. Dat gold vooral voor de meer innovatieven en welgestelden onder hen. Daarnaast kwamen er ook arme, lager opgeleide immigranten, die de lonen van de gewone arbeiders omlaag drukten. De laatste decennia overheerst dit type. Tegelijkertijd verspreiden de rijksten der Lage Landen hun vermogen naar andere landen.<\/p>\n\n\n\n<p><strong><em>Hoofdstuk 4 Geopolitieke macht als raamwerk voor rijkdom<\/em><\/strong><\/p>\n\n\n\n<p>Het grote geld wordt verdiend op de wereldmarkt, waar de ontwikkelingen worden bepaald door macht. Nederland en Belgi\u00eb zijn zelf nooit grootmachten geweest maar konden wel direct meeprofiteren van de kruimels van hun machtige buren. Dat hebben ze over het algemeen met succes gedaan. Met, in het verleden, dank aan de Oranjes.<\/p>\n\n\n\n<p><strong><em>Hoofdstuk 5 Metropolen als concentraties van macht en rijkdom<\/em><\/strong><\/p>\n\n\n\n<p>De metropolen van deze wereld zijn bij uitstek de plaatsen waar de economische macht zich concentreert en waar de rijksten der aarde bij voorkeur resideren. De Nederlanden verkeren al eeuwen in de staart van de grote westerse metropolen.<\/p>\n\n\n\n<p><strong><em>Hoofdstuk 6 Innovatie en transport als routes naar rijkdom<\/em><\/strong><\/p>\n\n\n\n<p>Nieuwe technologie \u2013 niet zelden voortspruitend uit de oorlogsindustrie \u2013 stimuleert de opkomst van nieuwe superrijken. Pas als de tijd rijp is voor grootschalige verspreiding van een innovatie, stappen de oude superrijken in. Zij verdienen er vaak het meest aan. De digitale superrijkdom gaat aan de Nederlanden voorbij. En ondanks Nederlands imago als transportland heeft Belgi\u00eb tegenwoordig m\u00e9\u00e9r superrijke transporteurs.<\/p>\n\n\n\n<p><strong><em>Hoofdstuk 7 Rijkdom in de driehoek markt, media en ideologie<\/em><\/strong><\/p>\n\n\n\n<p>Er valt veel geld te verdienen met het openleggen van het investeren in nieuwe markten. Wie actief is op bestaande markten of opereert in een klein marktgebied als de Nederlanden, kan niettemin ook rijk worden door goed te kijken naar wat marketvernieuwers doen en dit te kopi\u00ebren.<\/p>\n\n\n\n<p>Er is vaak een samenhang tussen de opkomst van nieuwe markten en die van nieuwe media en nieuwe ideologie\u00ebn. De rijksten hebben altijd een grote rol gespeeld bij ideologie en media, zoals nu de tycoons van deict.<\/p>\n\n\n\n<p><strong><em>Hoofdstuk 8 De helpende hand van fiscus en staat<\/em><\/strong><\/p>\n\n\n\n<p>Het financi\u00eble systeem is al eeuwenlang gunstiger voor de allerrijksten dan voor de armen. De commerci\u00eble, ideologische en bestuurlijke elites zijn veelal drie handen op \u00e9\u00e9n buik. Omdat de staat met belastinggeld bijspringt als het misgaat, kunnen de rijksten grotere risico\u2019s nemen, maar ook grotere winsten behalen dan ze zonder die hulp hadden kunnen bereiken. Bovendien genieten ze vaak grote belastingvoordelen.<\/p>\n\n\n\n<p><strong><em>Hoofdstuk 9 De rijken worden rijker en de ongelijkheid wordt groter<\/em><\/strong><\/p>\n\n\n\n<p>Vanaf het eind van de middeleeuwen is de ongelijkheid in inkomen en vermogen alsmaar toegenomen. Vooral in Nederland. De rijken genieten dan ook vele voordelen. Ook klassieke vererving en klassenvorming zitten in de lift. De laatste decennia gaan vooral de superijken er hard op vooruit. Dit is veelal een voorbode van instabiliteit en economisch verval, gevolgd door een afname van de ongelijkheid. Helaas gaat dit vaak gepaard met geweld.<\/p>\n\n\n\n<p><strong><em>Hoofdstuk 10 Hoe de rijken komen, gaan en blijven<\/em><\/strong><\/p>\n\n\n\n<p>De superrijken in de Gouden Eeuwen van de Nederlanden waren relatief misschien wel even rijk als hedendaagse miljardairs. Ze waren niet bescheiden, ook de calvinisten onder hen niet. Superrijkdom blijft gemiddeld maar twee generaties in de familie. Ze verschuift van familie naar familie, kan versnipperd raken en zelfs verloren gaan, maar dit alles vooral binnen de klasse der rijken. Vaak spelen vrouwen hierbij een sleutelrol.&nbsp;<\/p>\n\n\n\n<p><strong><em>Hoofdstuk 11 De netwerken van rijkdom, ideologie en staat<\/em><\/strong><\/p>\n\n\n\n<p>De superrijken en de bestuurders van publieke rijkdommen houden de gelederen het liefst gesloten. Daarom vormen zij voortdurend monopolies, kartels en andere netwerken. Hoewel familiebanden grotendeels zijn verdwenen, is de scheiding tussen rijkdom, ideologie en staat nog steeds beperkt.<\/p>\n\n\n\n<p><strong><em>Hoofdstuk 12 De superrijken en hun psychopathische trekjes<\/em><\/strong><\/p>\n\n\n\n<p>Om aan de top der superrijken (en de macht) te komen, helpt het om voorzien te zijn met wat psychopathische trekjes. Hiermee valt veel te bereiken maar evenzeer veel kwaad aan te richten. In dit hoofdstuk passeren de belangrijkste trekjes de revue, uiteenlopend van superioriteitswaan tot (overmatige) gerichtheid op seks \u2013 met natuurlijk veel voorbeelden, onder meer uit de koningshuizen. Uiteindelijk kampen nogal wat superrijken met diepe onzekerheid.<br><\/p>\n<div class=\"sharedaddy sd-sharing-enabled\"><div class=\"robots-nocontent sd-block sd-social sd-social-icon sd-sharing\"><h3 class=\"sd-title\">Share this:<\/h3><div class=\"sd-content\"><ul><li class=\"share-twitter\"><a rel=\"nofollow noopener noreferrer\" data-shared=\"sharing-twitter-84\" class=\"share-twitter sd-button share-icon no-text\" href=\"https:\/\/www.elite-research.org\/superrijkindelagelanden\/samenvatting\/?share=twitter\" target=\"_blank\" title=\"Click to share on Twitter\" ><span><\/span><span class=\"sharing-screen-reader-text\">Click to share on Twitter (Opens in new window)<\/span><\/a><\/li><li class=\"share-facebook\"><a rel=\"nofollow noopener noreferrer\" data-shared=\"sharing-facebook-84\" class=\"share-facebook sd-button share-icon no-text\" href=\"https:\/\/www.elite-research.org\/superrijkindelagelanden\/samenvatting\/?share=facebook\" target=\"_blank\" title=\"Click to share on Facebook\" ><span><\/span><span class=\"sharing-screen-reader-text\">Click to share on Facebook (Opens in new window)<\/span><\/a><\/li><li class=\"share-linkedin\"><a rel=\"nofollow noopener noreferrer\" data-shared=\"sharing-linkedin-84\" class=\"share-linkedin sd-button share-icon no-text\" href=\"https:\/\/www.elite-research.org\/superrijkindelagelanden\/samenvatting\/?share=linkedin\" target=\"_blank\" title=\"Click to share on LinkedIn\" ><span><\/span><span class=\"sharing-screen-reader-text\">Click to share on LinkedIn (Opens in new window)<\/span><\/a><\/li><li class=\"share-end\"><\/li><\/ul><\/div><\/div><\/div>","protected":false},"excerpt":{"rendered":"<p>Woord vooraf De karavaan trekt verder&nbsp; In de loop der eeuwen zijn de omgeving waarin rijkdom tot stand kwam en de middelen waarmee dit gebeurde aan voortdurende verandering onderhevig geweest. Steeds verschenen andere mensen op het toneel. Maar de mechanismen<\/p>\n<div class=\"sharedaddy sd-sharing-enabled\"><div class=\"robots-nocontent sd-block sd-social sd-social-icon sd-sharing\"><h3 class=\"sd-title\">Share this:<\/h3><div class=\"sd-content\"><ul><li class=\"share-twitter\"><a rel=\"nofollow noopener noreferrer\" data-shared=\"sharing-twitter-84\" class=\"share-twitter sd-button share-icon no-text\" href=\"https:\/\/www.elite-research.org\/superrijkindelagelanden\/samenvatting\/?share=twitter\" target=\"_blank\" title=\"Click to share on Twitter\" ><span><\/span><span class=\"sharing-screen-reader-text\">Click to share on Twitter (Opens in new window)<\/span><\/a><\/li><li class=\"share-facebook\"><a rel=\"nofollow noopener noreferrer\" data-shared=\"sharing-facebook-84\" class=\"share-facebook sd-button share-icon no-text\" href=\"https:\/\/www.elite-research.org\/superrijkindelagelanden\/samenvatting\/?share=facebook\" target=\"_blank\" title=\"Click to share on Facebook\" ><span><\/span><span class=\"sharing-screen-reader-text\">Click to share on Facebook (Opens in new window)<\/span><\/a><\/li><li class=\"share-linkedin\"><a rel=\"nofollow noopener noreferrer\" data-shared=\"sharing-linkedin-84\" class=\"share-linkedin sd-button share-icon no-text\" href=\"https:\/\/www.elite-research.org\/superrijkindelagelanden\/samenvatting\/?share=linkedin\" target=\"_blank\" title=\"Click to share on LinkedIn\" ><span><\/span><span class=\"sharing-screen-reader-text\">Click to share on LinkedIn (Opens in new window)<\/span><\/a><\/li><li class=\"share-end\"><\/li><\/ul><\/div><\/div><\/div>","protected":false},"author":1,"featured_media":123,"parent":0,"menu_order":0,"comment_status":"closed","ping_status":"closed","template":"","meta":{"jetpack_post_was_ever_published":false},"yoast_head":"<!-- This site is optimized with the Yoast SEO plugin v19.8 - https:\/\/yoast.com\/wordpress\/plugins\/seo\/ -->\n<title>SAMENVATTING - SUPERRIJK<\/title>\n<meta name=\"robots\" content=\"index, follow, max-snippet:-1, max-image-preview:large, max-video-preview:-1\" \/>\n<link rel=\"canonical\" href=\"https:\/\/www.elite-research.org\/superrijkindelagelanden\/samenvatting\/\" \/>\n<meta property=\"og:locale\" content=\"en_GB\" \/>\n<meta property=\"og:type\" content=\"article\" \/>\n<meta property=\"og:title\" content=\"SAMENVATTING - SUPERRIJK\" \/>\n<meta property=\"og:description\" content=\"Woord vooraf De karavaan trekt verder&nbsp; In de loop der eeuwen zijn de omgeving waarin rijkdom tot stand kwam en de middelen waarmee dit gebeurde aan voortdurende verandering onderhevig geweest. Steeds verschenen andere mensen op het toneel. Maar de mechanismen\" \/>\n<meta property=\"og:url\" content=\"https:\/\/www.elite-research.org\/superrijkindelagelanden\/samenvatting\/\" \/>\n<meta property=\"og:site_name\" content=\"SUPERRIJK\" \/>\n<meta property=\"article:modified_time\" content=\"2018-11-01T13:41:34+00:00\" \/>\n<meta property=\"og:image\" content=\"https:\/\/i0.wp.com\/www.elite-research.org\/superrijkindelagelanden\/wp-content\/uploads\/2018\/09\/cover00-1.jpg?fit=600%2C940&ssl=1\" \/>\n\t<meta property=\"og:image:width\" content=\"600\" \/>\n\t<meta property=\"og:image:height\" content=\"940\" \/>\n\t<meta property=\"og:image:type\" content=\"image\/jpeg\" \/>\n<meta name=\"twitter:card\" content=\"summary_large_image\" \/>\n<meta name=\"twitter:label1\" content=\"Estimated reading time\" \/>\n\t<meta name=\"twitter:data1\" content=\"5 minutes\" \/>\n<script type=\"application\/ld+json\" class=\"yoast-schema-graph\">{\"@context\":\"https:\/\/schema.org\",\"@graph\":[{\"@type\":\"WebPage\",\"@id\":\"https:\/\/www.elite-research.org\/superrijkindelagelanden\/samenvatting\/\",\"url\":\"https:\/\/www.elite-research.org\/superrijkindelagelanden\/samenvatting\/\",\"name\":\"SAMENVATTING - SUPERRIJK\",\"isPartOf\":{\"@id\":\"https:\/\/www.elite-research.org\/superrijkindelagelanden\/#website\"},\"datePublished\":\"2018-09-21T12:56:43+00:00\",\"dateModified\":\"2018-11-01T13:41:34+00:00\",\"breadcrumb\":{\"@id\":\"https:\/\/www.elite-research.org\/superrijkindelagelanden\/samenvatting\/#breadcrumb\"},\"inLanguage\":\"en-GB\",\"potentialAction\":[{\"@type\":\"ReadAction\",\"target\":[\"https:\/\/www.elite-research.org\/superrijkindelagelanden\/samenvatting\/\"]}]},{\"@type\":\"BreadcrumbList\",\"@id\":\"https:\/\/www.elite-research.org\/superrijkindelagelanden\/samenvatting\/#breadcrumb\",\"itemListElement\":[{\"@type\":\"ListItem\",\"position\":1,\"name\":\"Home\",\"item\":\"https:\/\/www.elite-research.org\/superrijkindelagelanden\/\"},{\"@type\":\"ListItem\",\"position\":2,\"name\":\"SAMENVATTING\"}]},{\"@type\":\"WebSite\",\"@id\":\"https:\/\/www.elite-research.org\/superrijkindelagelanden\/#website\",\"url\":\"https:\/\/www.elite-research.org\/superrijkindelagelanden\/\",\"name\":\"SUPERRIJK\",\"description\":\"in de lage landen\",\"potentialAction\":[{\"@type\":\"SearchAction\",\"target\":{\"@type\":\"EntryPoint\",\"urlTemplate\":\"https:\/\/www.elite-research.org\/superrijkindelagelanden\/?s={search_term_string}\"},\"query-input\":\"required name=search_term_string\"}],\"inLanguage\":\"en-GB\"}]}<\/script>\n<!-- \/ Yoast SEO plugin. -->","yoast_head_json":{"title":"SAMENVATTING - SUPERRIJK","robots":{"index":"index","follow":"follow","max-snippet":"max-snippet:-1","max-image-preview":"max-image-preview:large","max-video-preview":"max-video-preview:-1"},"canonical":"https:\/\/www.elite-research.org\/superrijkindelagelanden\/samenvatting\/","og_locale":"en_GB","og_type":"article","og_title":"SAMENVATTING - SUPERRIJK","og_description":"Woord vooraf De karavaan trekt verder&nbsp; In de loop der eeuwen zijn de omgeving waarin rijkdom tot stand kwam en de middelen waarmee dit gebeurde aan voortdurende verandering onderhevig geweest. Steeds verschenen andere mensen op het toneel. Maar de mechanismen","og_url":"https:\/\/www.elite-research.org\/superrijkindelagelanden\/samenvatting\/","og_site_name":"SUPERRIJK","article_modified_time":"2018-11-01T13:41:34+00:00","og_image":[{"width":600,"height":940,"url":"https:\/\/i0.wp.com\/www.elite-research.org\/superrijkindelagelanden\/wp-content\/uploads\/2018\/09\/cover00-1.jpg?fit=600%2C940&ssl=1","type":"image\/jpeg"}],"twitter_card":"summary_large_image","twitter_misc":{"Estimated reading time":"5 minutes"},"schema":{"@context":"https:\/\/schema.org","@graph":[{"@type":"WebPage","@id":"https:\/\/www.elite-research.org\/superrijkindelagelanden\/samenvatting\/","url":"https:\/\/www.elite-research.org\/superrijkindelagelanden\/samenvatting\/","name":"SAMENVATTING - SUPERRIJK","isPartOf":{"@id":"https:\/\/www.elite-research.org\/superrijkindelagelanden\/#website"},"datePublished":"2018-09-21T12:56:43+00:00","dateModified":"2018-11-01T13:41:34+00:00","breadcrumb":{"@id":"https:\/\/www.elite-research.org\/superrijkindelagelanden\/samenvatting\/#breadcrumb"},"inLanguage":"en-GB","potentialAction":[{"@type":"ReadAction","target":["https:\/\/www.elite-research.org\/superrijkindelagelanden\/samenvatting\/"]}]},{"@type":"BreadcrumbList","@id":"https:\/\/www.elite-research.org\/superrijkindelagelanden\/samenvatting\/#breadcrumb","itemListElement":[{"@type":"ListItem","position":1,"name":"Home","item":"https:\/\/www.elite-research.org\/superrijkindelagelanden\/"},{"@type":"ListItem","position":2,"name":"SAMENVATTING"}]},{"@type":"WebSite","@id":"https:\/\/www.elite-research.org\/superrijkindelagelanden\/#website","url":"https:\/\/www.elite-research.org\/superrijkindelagelanden\/","name":"SUPERRIJK","description":"in de lage landen","potentialAction":[{"@type":"SearchAction","target":{"@type":"EntryPoint","urlTemplate":"https:\/\/www.elite-research.org\/superrijkindelagelanden\/?s={search_term_string}"},"query-input":"required name=search_term_string"}],"inLanguage":"en-GB"}]}},"jetpack_shortlink":"https:\/\/wp.me\/PaounI-1m","jetpack-related-posts":[{"id":53,"url":"https:\/\/www.elite-research.org\/superrijkindelagelanden\/woord-vooraf\/","url_meta":{"origin":84,"position":0},"title":"WOORD VOORAF","date":"20 September 2018","format":false,"excerpt":"De karavaan trekt verder Al decennia doe ik onderzoek naar de machtigen en rijken. In dit boek wil ik al die vergaarde kennis en inzichten weleens bijeenbrengen. Bovendien wilde ik na gaan of er bepaalde patronen en principes achter de totstandkoming en het doorgeven van (super)rijkdom zitten. Is het bereiken\u2026","rel":"","context":"Similar post","img":{"alt_text":"","src":"https:\/\/i0.wp.com\/www.elite-research.org\/superrijkindelagelanden\/wp-content\/uploads\/2018\/09\/cover00-1.jpg?fit=600%2C940&ssl=1&resize=350%2C200","width":350,"height":200},"classes":[]},{"id":115,"url":"https:\/\/www.elite-research.org\/superrijkindelagelanden\/pers\/","url_meta":{"origin":84,"position":1},"title":"PERS","date":"23 September 2018","format":false,"excerpt":"BOEKGEGEVENS Superrijk in de lage landenJos van Hezewijkm.m.v. Marcel MetzeUitgeverij Prometheus AmsterdamPelckmans Uitgevers KalmthoutISBN 978 90 446 3829 5\u20ac 24,99 \u00a0Bestellen(verschijnt 12 oktober 2018) AUTEUR drs Jos R.M. van HezewijkPresident Kennedylaan 165402 KD Udenelite@elite-research.orgtel. (+31) (0) 413 269482 RECENSIES EN INTERVIEWS Recensie NRC Superrijk in de lage landen\u00a0onthult interessante patronen.Het\u2026","rel":"","context":"Similar post","img":{"alt_text":"","src":"https:\/\/i0.wp.com\/www.elite-research.org\/superrijkindelagelanden\/wp-content\/uploads\/2018\/09\/foto_s_lr.jpg?resize=350%2C200&ssl=1","width":350,"height":200},"classes":[]},{"id":32,"url":"https:\/\/www.elite-research.org\/superrijkindelagelanden\/","url_meta":{"origin":84,"position":2},"title":"SUPERRIJK in de lage landen","date":"20 September 2018","format":false,"excerpt":"De mechanismen achter\u00a0 geld, status en macht Hoewel mensen en tijden veranderen, blijven de mechanismen waarmee (super)rijkdom ontstaat, wordt doorgegeven en verloren gaat, bestaan. In zijn zoektocht naar deze mechanismen neemt Jos van Hezewijk de lezer mee door Nederland en Belgi\u00eb in heden en verleden. In twaalf thematische hoofdstukken en\u2026","rel":"","context":"Similar post","img":{"alt_text":"","src":"https:\/\/i0.wp.com\/www.elite-research.org\/superrijkindelagelanden\/wp-content\/uploads\/2018\/09\/cover00-1-1.jpg?fit=600%2C940&ssl=1&resize=350%2C200","width":350,"height":200},"classes":[]},{"id":62,"url":"https:\/\/www.elite-research.org\/superrijkindelagelanden\/inhoudsopgave\/","url_meta":{"origin":84,"position":3},"title":"INHOUDSOPGAVE","date":"20 September 2018","format":false,"excerpt":"Woord vooraf \u00a0 \u00a0 \u00a0 \u00a0 \u00a0 \u00a0 \u00a0 \u00a0 \u00a0 \u00a0 \u00a0 \u00a0 \u00a0 \u00a0 \u00a0 \u00a0 De karavaan trekt verder Inleiding \u00a0 \u00a0 \u00a0 Hoe word je superrijk? Frits Goldschmeding (1933) Heb het toeval aan je zijde -- kom ter wereld in een superrijke of minstens welgestelde familie\u2026","rel":"","context":"Similar post","img":{"alt_text":"","src":"https:\/\/i0.wp.com\/www.elite-research.org\/superrijkindelagelanden\/wp-content\/uploads\/2018\/09\/cover00-1.jpg?fit=600%2C940&ssl=1&resize=350%2C200","width":350,"height":200},"classes":[]},{"id":2,"url":"https:\/\/www.elite-research.org\/superrijkindelagelanden\/voorbeeld-pagina\/","url_meta":{"origin":84,"position":4},"title":"Voorbeeld pagina","date":"27 August 2018","format":false,"excerpt":"Dit is een voorbeeld pagina. Het verschilt van een bericht omdat het zich op een vaste plaats bevindt en getoond wordt in je sitenavigatie (in de meeste thema's). Veel mensen starten met een Over pagina waarmee ze zich introduceren bij de site bezoekers. Het kan iets vertellen als dit: Hallo\u2026","rel":"","context":"Similar post","img":{"alt_text":"","src":"","width":0,"height":0},"classes":[]},{"id":146,"url":"https:\/\/www.elite-research.org\/superrijkindelagelanden\/privacy\/","url_meta":{"origin":84,"position":5},"title":"Privacy-verklaring","date":"25 September 2018","format":false,"excerpt":"Ons website adressen zijn: https:\/\/elite-research.org\u00a0 https:\/\/elite-miljonairs.nl\u00a0 https:\/\/superrijkindelagelanden.be https:\/\/superrijkindelagelanden.be Elite ResearchPresident Kennedylaan 165402 KD Udenelite@elite-research.orgtel. (+31) (0) 413 269482KVK 16055607 Welke persoonlijke gegevens verzamelen we? Bezoekers Als bezoekers onze sites bezoeken, verzamelen we het IP-adres van de bezoeker en de browser gebruikersagent string om misbruik opsporing te helpen.Daarnaast zijn deze loggegevens\u2026","rel":"","context":"Similar post","img":{"alt_text":"","src":"","width":0,"height":0},"classes":[]}],"jetpack_sharing_enabled":true,"jetpack_likes_enabled":true,"_links":{"self":[{"href":"https:\/\/www.elite-research.org\/superrijkindelagelanden\/wp-json\/wp\/v2\/pages\/84"}],"collection":[{"href":"https:\/\/www.elite-research.org\/superrijkindelagelanden\/wp-json\/wp\/v2\/pages"}],"about":[{"href":"https:\/\/www.elite-research.org\/superrijkindelagelanden\/wp-json\/wp\/v2\/types\/page"}],"author":[{"embeddable":true,"href":"https:\/\/www.elite-research.org\/superrijkindelagelanden\/wp-json\/wp\/v2\/users\/1"}],"replies":[{"embeddable":true,"href":"https:\/\/www.elite-research.org\/superrijkindelagelanden\/wp-json\/wp\/v2\/comments?post=84"}],"version-history":[{"count":3,"href":"https:\/\/www.elite-research.org\/superrijkindelagelanden\/wp-json\/wp\/v2\/pages\/84\/revisions"}],"predecessor-version":[{"id":308,"href":"https:\/\/www.elite-research.org\/superrijkindelagelanden\/wp-json\/wp\/v2\/pages\/84\/revisions\/308"}],"wp:featuredmedia":[{"embeddable":true,"href":"https:\/\/www.elite-research.org\/superrijkindelagelanden\/wp-json\/wp\/v2\/media\/123"}],"wp:attachment":[{"href":"https:\/\/www.elite-research.org\/superrijkindelagelanden\/wp-json\/wp\/v2\/media?parent=84"}],"curies":[{"name":"wp","href":"https:\/\/api.w.org\/{rel}","templated":true}]}}